{"id":134,"date":"2023-08-04T17:11:05","date_gmt":"2023-08-04T17:11:05","guid":{"rendered":"https:\/\/ecinstitut.cz\/?page_id=134"},"modified":"2025-12-09T09:22:08","modified_gmt":"2025-12-09T09:22:08","slug":"o-nas","status":"publish","type":"page","link":"http:\/\/ecinstitut.cz\/en\/o-nas\/","title":{"rendered":"About us"},"content":{"rendered":"<h2 id=\"wp-block-themeisle-blocks-advanced-heading-cca2094f\" class=\"wp-block-themeisle-blocks-advanced-heading wp-block-themeisle-blocks-advanced-heading-cca2094f\">About us<\/h2>\n\n\n\n<p><strong>E-clinic, legal name: E-clinic \u2013 Institut pro studium, prevenci a l\u00e9\u010dbu poruch p\u0159\u00edjmu potravy a komorbidn\u00edch onemocn\u011bn\u00ed, z.\u00fa.<\/strong><\/p>\n\n\n\n<div style=\"height:20px\" aria-hidden=\"true\" class=\"wp-block-spacer\"><\/div>\n\n\n\n<p>Our mission is to support mental health of children and adults, prevent mental illnesses, and provide tailored support and care to ensure that everyone can receive the best possible care. We focus on areas that have been and often still are \"outside the mainstream,\" resulting in insufficiently developed and limited diagnostic and therapeutic services for clients. We have the background of a number of top experts and we cooperate with professional Czech and foreign organisations and universities. Our experience draws on evidence-based practices and we bring innovative and effective methodologies from abroad.<\/p>\n\n\n\n<div style=\"height:20px\" aria-hidden=\"true\" class=\"wp-block-spacer\"><\/div>\n\n\n\n<p class=\"has-link-color wp-elements-71e651c595604d59404d79c66cd99cd0 translation-block\">Our organization was founded in 1991 by Prof. MUDr. Hana Pape\u017eov\u00e1, CSc., with the goal of supporting and treating individuals with eating disorders (ED) and their families, as well as educating professionals, who are still in short supply in the Czech Republic.<\/p>\n\n\n\n<div style=\"height:20px\" aria-hidden=\"true\" class=\"wp-block-spacer\"><\/div>\n\n\n\n<p class=\" translation-block\">For over 10 years, we have also been addressing other conditions often associated with ED, such as depression, anxiety, and attention deficit hyperactivity disorder (ADHD) in adulthood. For all those with ADHD in adulthood, we have developed a comprehensive program, the only one of its kind in the Czech Republic.<\/p>\n\n\n\n<div style=\"height:20px\" aria-hidden=\"true\" class=\"wp-block-spacer\"><\/div>\n\n\n\n<p class=\"has-link-color wp-elements-a1586a0df36bd9e1908f0c25e4db472e translation-block\">For many years, we have also been researching ways to prevent ED. Research indicates that aside from specific prevention and early intervention for at-risk adolescents, it is effective to enhance psychosocial skills in children even before issues arise. By teaching children how to better cope with challenging situations, resolve conflicts, build self-confidence, refrain from self-judgment, manage negative emotions, and seek help when needed, we assist them in better dealing with mental problems during adolescence and adulthood. In 2015, along with our partners, we introduced globally recognized evaluated programs, Zippy\u2018s and Apple\u2018s Friends to enhance children's social and coping skills, increasing their well-being and academic achievement. Through these programs, we have trained over 500 school professionals and positively impacted more than 10,000 children in the Czech Republic. We keep receiving very positive feedback from schools.<\/p>\n\n\n\n<div style=\"height:20px\" aria-hidden=\"true\" class=\"wp-block-spacer\"><\/div>\n\n\n\n<p class=\"has-link-color wp-elements-6c1ba83393292d069876a1057c59afbd translation-block\">In the area of prevention, the international ChildTalks+ project also focuses on the at-risk group of children from families in which the parents suffer from mental illness.<\/p>\n\n\n\n<div style=\"height:20px\" aria-hidden=\"true\" class=\"wp-block-spacer\"><\/div>\n\n\n\n<p class=\" translation-block\">The founder and statutory representative is <strong>Prof. MUDr. Hana Pape\u017eov\u00e1, Csc<\/strong>.<\/p>\n\n\n\n<div style=\"height:20px\" aria-hidden=\"true\" class=\"wp-block-spacer\"><\/div>\n\n\n\n<p>Board of Directors<br>Mgr. Jana Gricov\u00e1<br>Mgr. Eli\u0161ka \u0158edinov\u00e1<br>Mark\u00e9ta Bochinov\u00e1 Borlov\u00e1<\/p>\n\n\n\n<div style=\"height:20px\" aria-hidden=\"true\" class=\"wp-block-spacer\"><\/div>\n\n\n\n<div style=\"height:20px\" aria-hidden=\"true\" class=\"wp-block-spacer\"><\/div>\n\n\n\n<p><strong>Contact<\/strong><\/p>\n\n\n\n<p>Email:&nbsp;<a href=\"mailto:info@ecinstitut.cz\"><strong>info@ecinstitut.cz<\/strong><\/a><\/p>\n\n\n\n<p>Ing. Lucie Uhl\u00edkov\u00e1, koordin\u00e1torka &#8211; objedn\u00e1n\u00ed klient\u016f: lucie.uhlikova@ecinstitut.cz<\/p>\n\n\n\n<p>Headquarters: E-clinic, z.\u00fa., Kou\u0159imsk\u00e1 2350\/3, 130 00 Praha 3.\u00a0I\u010c:\u00a040612384.<br>Bank account: 35-714140267\/0100<\/p>\n\n\n\n<p>Office adress: Ol\u0161ansk\u00e1 55\/5, 130 00 Praha 3.<\/p>\n\n\n\n<div style=\"height:24px\" aria-hidden=\"true\" class=\"wp-block-spacer\"><\/div>\n\n\n\n<p><strong>Expert Partners<\/strong><\/p>\n\n\n\n<p style=\"text-decoration:underline\"><a href=\"https:\/\/www.lf1.cuni.cz\/\" target=\"_blank\" rel=\"noreferrer noopener\">First Faculty of Medicine, Charles University<\/a><\/p>\n\n\n\n<p style=\"text-decoration:underline\"><a href=\"https:\/\/www.csspraha.cz\/\" target=\"_blank\" rel=\"noreferrer noopener\">The Centre for Social Services Prague<\/a><\/p>\n\n\n\n<p style=\"text-decoration:underline\"><a href=\"https:\/\/www.partnershipforchildren.org.uk\/\" target=\"_blank\" rel=\"noreferrer noopener\">Partnership for Children, UK<\/a><\/p>\n\n\n\n<p style=\"text-decoration:underline\"><a href=\"https:\/\/vfb.no\/\" target=\"_blank\" rel=\"noreferrer noopener\">Voksne for Barn, Norway<\/a><\/p>\n\n\n\n<p style=\"text-decoration:underline\"><a href=\"https:\/\/en.uit.no\/startsida\" data-type=\"URL\" data-id=\"https:\/\/en.uit.no\/startsida\" target=\"_blank\" rel=\"noreferrer noopener\">The Arctic University of Norway<\/a><\/p>\n\n\n\n<p style=\"text-decoration:underline\"><a href=\"https:\/\/www.adhd.is\/is\" data-type=\"URL\" data-id=\"https:\/\/www.adhd.is\/is\" target=\"_blank\" rel=\"noreferrer noopener\">ADHD Iceland<\/a><\/p>\n\n\n\n<p style=\"text-decoration:underline\"><a href=\"https:\/\/www.klinikum.uni-heidelberg.de\/\" data-type=\"URL\" data-id=\"https:\/\/www.klinikum.uni-heidelberg.de\/\"><\/a><a href=\"https:\/\/www.klinikum.uni-heidelberg.de\" target=\"_blank\" rel=\"noreferrer noopener\">Universit\u00e4tsklinikum&nbsp;Heidelberg<\/a><\/p>\n\n\n\n<div style=\"height:24px\" aria-hidden=\"true\" class=\"wp-block-spacer\"><\/div>","protected":false},"excerpt":{"rendered":"<p>E-clinic, cel\u00fdm n\u00e1zvem E-clinic &#8211; Institut pro studium, prevenci a l\u00e9\u010dbu poruch p\u0159\u00edjmu potravy a komorbidn\u00edch onemocn\u011bn\u00ed, z.\u00fa. Na\u0161\u00edm c\u00edlem je podporovat du\u0161evn\u00ed zdrav\u00ed d\u011bt\u00ed i dosp\u011bl\u00fdch, p\u0159ech\u00e1zet du\u0161evn\u00edm onemocn\u011bn\u00edm a l\u00e9\u010dit je tak, aby ka\u017ed\u00fd mohl dostat tu nejlep\u0161\u00ed a na m\u00edru vytvo\u0159enou podporu a p\u00e9\u010di. Zam\u011b\u0159ujeme se na oblasti, kter\u00e9 st\u00e1ly a \u010dasto [&hellip;]<\/p>","protected":false},"author":1,"featured_media":0,"parent":0,"menu_order":0,"comment_status":"closed","ping_status":"closed","template":"","meta":{"_monsterinsights_skip_tracking":false,"_monsterinsights_sitenote_active":false,"_monsterinsights_sitenote_note":"","_monsterinsights_sitenote_category":0,"_themeisle_gutenberg_block_has_review":false,"footnotes":""},"class_list":["post-134","page","type-page","status-publish","hentry"],"aioseo_notices":[],"_links":{"self":[{"href":"http:\/\/ecinstitut.cz\/en\/wp-json\/wp\/v2\/pages\/134","targetHints":{"allow":["GET"]}}],"collection":[{"href":"http:\/\/ecinstitut.cz\/en\/wp-json\/wp\/v2\/pages"}],"about":[{"href":"http:\/\/ecinstitut.cz\/en\/wp-json\/wp\/v2\/types\/page"}],"author":[{"embeddable":true,"href":"http:\/\/ecinstitut.cz\/en\/wp-json\/wp\/v2\/users\/1"}],"replies":[{"embeddable":true,"href":"http:\/\/ecinstitut.cz\/en\/wp-json\/wp\/v2\/comments?post=134"}],"version-history":[{"count":19,"href":"http:\/\/ecinstitut.cz\/en\/wp-json\/wp\/v2\/pages\/134\/revisions"}],"predecessor-version":[{"id":509,"href":"http:\/\/ecinstitut.cz\/en\/wp-json\/wp\/v2\/pages\/134\/revisions\/509"}],"wp:attachment":[{"href":"http:\/\/ecinstitut.cz\/en\/wp-json\/wp\/v2\/media?parent=134"}],"curies":[{"name":"wp","href":"https:\/\/api.w.org\/{rel}","templated":true}]}}