{"id":182,"date":"2023-08-10T16:42:17","date_gmt":"2023-08-10T16:42:17","guid":{"rendered":"https:\/\/ecinstitut.cz\/?page_id=182"},"modified":"2024-10-15T09:56:50","modified_gmt":"2024-10-15T09:56:50","slug":"konference","status":"publish","type":"page","link":"http:\/\/ecinstitut.cz\/en\/konference\/","title":{"rendered":"Conference"},"content":{"rendered":"<h2 id=\"wp-block-themeisle-blocks-advanced-heading-b0759cea\" class=\"wp-block-themeisle-blocks-advanced-heading wp-block-themeisle-blocks-advanced-heading-b0759cea\">Conference<\/h2>\n\n\n\n<p><strong>XV. konference se bude konat 20. &#8211; 22.3. 2025. <\/strong><\/p>\n\n\n\n<p>Informace budeme aktualizovat zde.<\/p>\n\n\n\n<p><\/p>\n\n\n\n<p class=\" translation-block\">Together with our partners, <em>the ED department of Czech Medical Association of J. E. Purkyn\u011b, the department of Child and Adolescent Psychiatry of Czech Medical Association of J. E. Purkyn\u011b, and the Czech Medical Chamber under the auspices of the Psychiatric Clinic of the First Faculty of Medicine of the Charles University and General University Hospital in Prague<\/em>, we organise a <strong>biennial international interdisciplinary conference on eating disorders and obesity<\/strong>, chaired by Prof. MUDr. Hana Pape\u017eov\u00e1, CSc.<\/p>\n\n\n\n<div style=\"height:24px\" aria-hidden=\"true\" class=\"wp-block-spacer\"><\/div>\n\n\n\n<figure class=\"wp-block-image size-large\"><img loading=\"lazy\" decoding=\"async\" width=\"1024\" height=\"175\" src=\"https:\/\/ecinstitut.cz\/wp-content\/uploads\/2023\/08\/konference-poradatele-1024x175.png\" alt=\"\" class=\"wp-image-183\" srcset=\"http:\/\/ecinstitut.cz\/wp-content\/uploads\/2023\/08\/konference-poradatele-1024x175.png 1024w, http:\/\/ecinstitut.cz\/wp-content\/uploads\/2023\/08\/konference-poradatele-300x51.png 300w, http:\/\/ecinstitut.cz\/wp-content\/uploads\/2023\/08\/konference-poradatele-768x131.png 768w, http:\/\/ecinstitut.cz\/wp-content\/uploads\/2023\/08\/konference-poradatele-1536x262.png 1536w, http:\/\/ecinstitut.cz\/wp-content\/uploads\/2023\/08\/konference-poradatele-2048x350.png 2048w\" sizes=\"auto, (max-width: 1024px) 100vw, 1024px\" \/><\/figure>\n\n\n\n<div style=\"height:24px\" aria-hidden=\"true\" class=\"wp-block-spacer\"><\/div>\n\n\n\n<p class=\"has-link-color wp-elements-c3c0491f61c67eeda3dcfd904246b301 translation-block\">In 2023, the 14th edition of the conference took place with a record number of 185 participants. The theme of the conference was Transgenerational Transmission of Psychopathology. You can see the <a rel=\"noreferrer noopener\" href=\"https:\/\/ecinstitut.cz\/wp-content\/uploads\/2023\/08\/XIV_konference_program_2023_web.pdf\" target=\"_blank\">programme<\/a> and <a href=\"https:\/\/photos.google.com\/share\/AF1QipND1iYNVokAf-QVM00HQ07zO03BYEVUke3LtZBEL0kqKigWrESZE3Li_PGVyxvb_w?key=TXM3ek4tMzBSS1BEMDc2WnFGTmptZUIxcDcyM2ln\" target=\"_blank\" rel=\"noreferrer noopener\">photos<\/a>.<\/p>\n\n\n\n<div style=\"height:24px\" aria-hidden=\"true\" class=\"wp-block-spacer\"><\/div>\n\n\n\n<p class=\"has-text-align-center\">Za podporu XIV. ro\u010dn\u00edku velice d\u011bkujeme na\u0161im partner\u016fm.<\/p>\n\n\n\n<div style=\"height:24px\" aria-hidden=\"true\" class=\"wp-block-spacer\"><\/div>\n\n\n\n<figure class=\"wp-block-image aligncenter size-large is-resized\"><img loading=\"lazy\" decoding=\"async\" width=\"593\" height=\"1024\" src=\"https:\/\/ecinstitut.cz\/wp-content\/uploads\/2023\/08\/konference-partneri-593x1024.png\" alt=\"\" class=\"wp-image-185\" style=\"width:440px;height:760px\" srcset=\"http:\/\/ecinstitut.cz\/wp-content\/uploads\/2023\/08\/konference-partneri-593x1024.png 593w, http:\/\/ecinstitut.cz\/wp-content\/uploads\/2023\/08\/konference-partneri-174x300.png 174w, http:\/\/ecinstitut.cz\/wp-content\/uploads\/2023\/08\/konference-partneri-768x1325.png 768w, http:\/\/ecinstitut.cz\/wp-content\/uploads\/2023\/08\/konference-partneri-890x1536.png 890w, http:\/\/ecinstitut.cz\/wp-content\/uploads\/2023\/08\/konference-partneri-1187x2048.png 1187w, http:\/\/ecinstitut.cz\/wp-content\/uploads\/2023\/08\/konference-partneri.png 1392w\" sizes=\"auto, (max-width: 593px) 100vw, 593px\" \/><\/figure>\n\n\n\n<div style=\"height:24px\" aria-hidden=\"true\" class=\"wp-block-spacer\"><\/div>\n\n\n\n<p class=\" translation-block\"><strong>We would like to invite you to the next edition of the conference which will take place in 2025.<\/strong> More information will be found on this site soon.<\/p>\n\n\n\n<div style=\"height:24px\" aria-hidden=\"true\" class=\"wp-block-spacer\"><\/div>\n\n\n\n<p>Organisers: MUDr. Petra Uhl\u00edkov\u00e1, Lenka Knesplov\u00e1, Mgr. Eli\u0161ka \u0158edinov\u00e1, Mgr. Jana Gricov\u00e1, Mgr. Gabriela Kosjukov\u00e1, Mgr. Marie Eli\u00e1\u0161ov\u00e1<\/p>\n\n\n\n<div style=\"height:24px\" aria-hidden=\"true\" class=\"wp-block-spacer\"><\/div>\n\n\n\n<p>Contact:&nbsp;<a href=\"mailto:konference@ecinstitut.cz\" target=\"_blank\" rel=\"noreferrer noopener\">konference@ecinstitut.cz<\/a><\/p>\n\n\n\n<div style=\"height:24px\" aria-hidden=\"true\" class=\"wp-block-spacer\"><\/div>","protected":false},"excerpt":{"rendered":"<p>XV. konference se bude konat 20. &#8211; 22.3. 2025. Informace budeme aktualizovat zde. Spolu s partnery&nbsp;Sekce pro poruchy p\u0159\u00edjmu potravy Psychiatrick\u00e9 spole\u010dnosti \u010cLS JEP, Sekce d\u011btsk\u00e9 a dorostov\u00e9 psychiatrie Psychiatrick\u00e9 spole\u010dnosti \u010cLS JEP, ve spolupr\u00e1ci s \u010ceskou l\u00e9ka\u0159skou komorou pod z\u00e1\u0161titou Psychiatrick\u00e9 kliniky 1. LF UK a VFN v Praze&nbsp;po\u0159\u00e1d\u00e1me ka\u017ed\u00e9 dva roky&nbsp;mezin\u00e1rodn\u00ed interdisciplin\u00e1rn\u00ed konferenci [&hellip;]<\/p>","protected":false},"author":1,"featured_media":0,"parent":0,"menu_order":0,"comment_status":"closed","ping_status":"closed","template":"","meta":{"_monsterinsights_skip_tracking":false,"_monsterinsights_sitenote_active":false,"_monsterinsights_sitenote_note":"","_monsterinsights_sitenote_category":0,"_themeisle_gutenberg_block_has_review":false,"footnotes":""},"class_list":["post-182","page","type-page","status-publish","hentry"],"aioseo_notices":[],"_links":{"self":[{"href":"http:\/\/ecinstitut.cz\/en\/wp-json\/wp\/v2\/pages\/182","targetHints":{"allow":["GET"]}}],"collection":[{"href":"http:\/\/ecinstitut.cz\/en\/wp-json\/wp\/v2\/pages"}],"about":[{"href":"http:\/\/ecinstitut.cz\/en\/wp-json\/wp\/v2\/types\/page"}],"author":[{"embeddable":true,"href":"http:\/\/ecinstitut.cz\/en\/wp-json\/wp\/v2\/users\/1"}],"replies":[{"embeddable":true,"href":"http:\/\/ecinstitut.cz\/en\/wp-json\/wp\/v2\/comments?post=182"}],"version-history":[{"count":9,"href":"http:\/\/ecinstitut.cz\/en\/wp-json\/wp\/v2\/pages\/182\/revisions"}],"predecessor-version":[{"id":382,"href":"http:\/\/ecinstitut.cz\/en\/wp-json\/wp\/v2\/pages\/182\/revisions\/382"}],"wp:attachment":[{"href":"http:\/\/ecinstitut.cz\/en\/wp-json\/wp\/v2\/media?parent=182"}],"curies":[{"name":"wp","href":"https:\/\/api.w.org\/{rel}","templated":true}]}}