{"id":12,"date":"2023-08-03T11:23:50","date_gmt":"2023-08-03T11:23:50","guid":{"rendered":"http:\/\/ecinstitut.cz\/?page_id=12"},"modified":"2023-08-04T16:37:23","modified_gmt":"2023-08-04T16:37:23","slug":"projekty","status":"publish","type":"page","link":"https:\/\/ecinstitut.cz\/en\/projekty\/","title":{"rendered":"Projekty"},"content":{"rendered":"<h2 id=\"wp-block-themeisle-blocks-advanced-heading-a4bbc493\" class=\"wp-block-themeisle-blocks-advanced-heading wp-block-themeisle-blocks-advanced-heading-a4bbc493\">Na\u0161e projekty<\/h2>\n\n\n\n<div id=\"wp-block-themeisle-blocks-advanced-columns-55b78b58\" class=\"wp-block-themeisle-blocks-advanced-columns alignfull has-3-columns has-desktop-equal-layout has-tablet-equal-layout has-mobile-collapsedRows-layout has-vertical-center ticss-c00aadba\"><div class=\"wp-block-themeisle-blocks-advanced-columns-overlay\"><\/div><div class=\"innerblocks-wrap\">\n<div id=\"wp-block-themeisle-blocks-advanced-column-d16eef57\" class=\"wp-block-themeisle-blocks-advanced-column\">\n<figure class=\"wp-block-image aligncenter size-full is-resized\"><img loading=\"lazy\" decoding=\"async\" src=\"http:\/\/ecinstitut.cz\/wp-content\/uploads\/2023\/08\/healthyandfree-2.jpg\" alt=\"\" class=\"wp-image-21\" width=\"323\" height=\"192\" srcset=\"https:\/\/ecinstitut.cz\/wp-content\/uploads\/2023\/08\/healthyandfree-2.jpg 710w, https:\/\/ecinstitut.cz\/wp-content\/uploads\/2023\/08\/healthyandfree-2-300x178.jpg 300w\" sizes=\"auto, (max-width: 323px) 100vw, 323px\" \/><\/figure>\n\n\n\n<h3 id=\"wp-block-themeisle-blocks-advanced-heading-af4a6933\" class=\"wp-block-themeisle-blocks-advanced-heading wp-block-themeisle-blocks-advanced-heading-af4a6933\">Healthy and free<\/h3>\n\n\n\n<div class=\"wp-block-buttons is-content-justification-center is-layout-flex wp-container-core-buttons-is-layout-a89b3969 wp-block-buttons-is-layout-flex\">\n<div class=\"wp-block-button is-style-primary\"><a class=\"wp-block-button__link wp-element-button\" href=\"http:\/\/www.healthyandfree.cz\/\">Web<\/a><\/div>\n<\/div>\n<\/div>\n\n\n\n<div id=\"wp-block-themeisle-blocks-advanced-column-bd1b0b6b\" class=\"wp-block-themeisle-blocks-advanced-column\">\n<figure class=\"wp-block-image aligncenter size-full is-resized\"><img loading=\"lazy\" decoding=\"async\" src=\"http:\/\/ecinstitut.cz\/wp-content\/uploads\/2023\/08\/zipyhokamaradi-3.jpg\" alt=\"\" class=\"wp-image-20\" width=\"211\" height=\"200\" srcset=\"https:\/\/ecinstitut.cz\/wp-content\/uploads\/2023\/08\/zipyhokamaradi-3.jpg 372w, https:\/\/ecinstitut.cz\/wp-content\/uploads\/2023\/08\/zipyhokamaradi-3-300x285.jpg 300w\" sizes=\"auto, (max-width: 211px) 100vw, 211px\" \/><\/figure>\n\n\n\n<h3 id=\"wp-block-themeisle-blocks-advanced-heading-112ba0b0\" class=\"wp-block-themeisle-blocks-advanced-heading wp-block-themeisle-blocks-advanced-heading-112ba0b0\">Zippy's Friends<\/h3>\n\n\n\n<div class=\"wp-block-buttons is-content-justification-center is-layout-flex wp-container-core-buttons-is-layout-a89b3969 wp-block-buttons-is-layout-flex\">\n<div class=\"wp-block-button is-style-primary\"><a class=\"wp-block-button__link wp-element-button\" href=\"https:\/\/zipyhokamaradi.cz\/\">Web<\/a><\/div>\n<\/div>\n<\/div>\n\n\n\n<div id=\"wp-block-themeisle-blocks-advanced-column-07b3d357\" class=\"wp-block-themeisle-blocks-advanced-column\">\n<figure class=\"wp-block-image aligncenter size-full is-resized\"><img loading=\"lazy\" decoding=\"async\" src=\"http:\/\/ecinstitut.cz\/wp-content\/uploads\/2023\/08\/nepozorni-1.jpg\" alt=\"\" class=\"wp-image-19\" width=\"320\" height=\"198\" srcset=\"https:\/\/ecinstitut.cz\/wp-content\/uploads\/2023\/08\/nepozorni-1.jpg 640w, https:\/\/ecinstitut.cz\/wp-content\/uploads\/2023\/08\/nepozorni-1-300x186.jpg 300w\" sizes=\"auto, (max-width: 320px) 100vw, 320px\" \/><\/figure>\n\n\n\n<h3 id=\"wp-block-themeisle-blocks-advanced-heading-c1dd424b\" class=\"wp-block-themeisle-blocks-advanced-heading wp-block-themeisle-blocks-advanced-heading-c1dd424b\">Nepozorn\u00ed dosp\u011bl\u00ed<\/h3>\n\n\n\n<div class=\"wp-block-buttons is-content-justification-center is-layout-flex wp-container-core-buttons-is-layout-a89b3969 wp-block-buttons-is-layout-flex\">\n<div class=\"wp-block-button is-style-primary\"><a class=\"wp-block-button__link wp-element-button\" href=\"http:\/\/www.nepozornidospeli.cz\/\">Web<\/a><\/div>\n<\/div>\n<\/div>\n<\/div><\/div>","protected":false},"excerpt":{"rendered":"","protected":false},"author":1,"featured_media":0,"parent":0,"menu_order":0,"comment_status":"closed","ping_status":"closed","template":"","meta":{"_monsterinsights_skip_tracking":false,"_monsterinsights_sitenote_active":false,"_monsterinsights_sitenote_note":"","_monsterinsights_sitenote_category":0,"_themeisle_gutenberg_block_has_review":false,"footnotes":""},"class_list":["post-12","page","type-page","status-publish","hentry"],"aioseo_notices":[],"_links":{"self":[{"href":"https:\/\/ecinstitut.cz\/en\/wp-json\/wp\/v2\/pages\/12","targetHints":{"allow":["GET"]}}],"collection":[{"href":"https:\/\/ecinstitut.cz\/en\/wp-json\/wp\/v2\/pages"}],"about":[{"href":"https:\/\/ecinstitut.cz\/en\/wp-json\/wp\/v2\/types\/page"}],"author":[{"embeddable":true,"href":"https:\/\/ecinstitut.cz\/en\/wp-json\/wp\/v2\/users\/1"}],"replies":[{"embeddable":true,"href":"https:\/\/ecinstitut.cz\/en\/wp-json\/wp\/v2\/comments?post=12"}],"version-history":[{"count":4,"href":"https:\/\/ecinstitut.cz\/en\/wp-json\/wp\/v2\/pages\/12\/revisions"}],"predecessor-version":[{"id":132,"href":"https:\/\/ecinstitut.cz\/en\/wp-json\/wp\/v2\/pages\/12\/revisions\/132"}],"wp:attachment":[{"href":"https:\/\/ecinstitut.cz\/en\/wp-json\/wp\/v2\/media?parent=12"}],"curies":[{"name":"wp","href":"https:\/\/api.w.org\/{rel}","templated":true}]}}