{"id":65,"date":"2023-08-04T06:40:24","date_gmt":"2023-08-04T06:40:24","guid":{"rendered":"https:\/\/ecinstitut.cz\/?page_id=65"},"modified":"2023-08-13T09:08:07","modified_gmt":"2023-08-13T09:08:07","slug":"domu","status":"publish","type":"page","link":"https:\/\/ecinstitut.cz\/en\/","title":{"rendered":"Home"},"content":{"rendered":"<div id=\"wp-block-themeisle-blocks-advanced-columns-b52e00ab\" class=\"wp-block-themeisle-blocks-advanced-columns alignwide has-1-columns has-desktop-equal-layout has-tablet-equal-layout has-mobile-collapsedRows-layout has-reverse-columns-mobile has-vertical-center ticss-c00aadba\"><div class=\"wp-block-themeisle-blocks-advanced-columns-overlay\"><\/div><div class=\"innerblocks-wrap\">\n<div id=\"wp-block-themeisle-blocks-advanced-column-e20cdc71\" class=\"wp-block-themeisle-blocks-advanced-column\">\n<div style=\"height:100px\" aria-hidden=\"true\" class=\"wp-block-spacer\"><\/div>\n\n\n\n<h1 id=\"wp-block-themeisle-blocks-advanced-heading-fdf573da\" class=\"wp-block-themeisle-blocks-advanced-heading wp-block-themeisle-blocks-advanced-heading-fdf573da\">Welcome to E-clinic<\/h1>\n\n\n\n<p id=\"wp-block-themeisle-blocks-advanced-heading-013f5e33\" class=\"wp-block-themeisle-blocks-advanced-heading wp-block-themeisle-blocks-advanced-heading-013f5e33\">Zam\u011b\u0159ujeme se na l\u00e9\u010dbu poruch p\u0159\u00edjmu potravy a jin\u00fdch du\u0161evn\u00edch onemocn\u011bn\u00ed<\/p>\n\n\n\n<div class=\"wp-block-buttons is-content-justification-center is-layout-flex wp-container-core-buttons-is-layout-a89b3969 wp-block-buttons-is-layout-flex\">\n<div class=\"wp-block-button is-style-primary\"><a class=\"wp-block-button__link has-background wp-element-button\" style=\"background-color:#0030a6\">Learn more<\/a><\/div>\n<\/div>\n\n\n\n<div style=\"height:100px\" aria-hidden=\"true\" class=\"wp-block-spacer\"><\/div>\n<\/div>\n<\/div><\/div>\n\n\n\n<div class=\"wp-block-group is-layout-flow wp-block-group-is-layout-flow\">\n<p class=\"has-text-align-center\">E-clinic je neziskov\u00e1 organizace s v\u00edce ne\u017e 20letou zku\u0161enost\u00ed s prevenc\u00ed a l\u00e9\u010dbou poruch p\u0159\u00edjmu potravy. Na\u0161\u00edm c\u00edlem je poskytovat jednodu\u0161e dostupn\u00e9 slu\u017eby, kter\u00e9 zde doposud chyb\u011bly, ale mohly pomoct detekovat psychick\u00e9 onemocn\u011bn\u00ed v ran\u00e9 f\u00e1zi, \u0161\u00ed\u0159it pov\u011bdom\u00ed o du\u0161evn\u00edm zdrav\u00ed a p\u0159isp\u00edvat k jeho destigmatizaci a l\u00e9\u010db\u011b. Nav\u0161tivte dal\u0161\u00ed projekty, na kter\u00fdch se pod\u00edl\u00edme.<\/p>\n\n\n\n<div style=\"height:26px\" aria-hidden=\"true\" class=\"wp-block-spacer\"><\/div>\n<\/div>\n\n\n\n<div id=\"wp-block-themeisle-blocks-advanced-columns-dfd643f3\" class=\"wp-block-themeisle-blocks-advanced-columns alignfull has-4-columns has-desktop-equal-layout has-tablet-equal-layout has-mobile-collapsedRows-layout has-reverse-columns-mobile has-vertical-center ticss-c00aadba\"><div class=\"wp-block-themeisle-blocks-advanced-columns-overlay\"><\/div><div class=\"innerblocks-wrap\">\n<div id=\"wp-block-themeisle-blocks-advanced-column-127ec10e\" class=\"wp-block-themeisle-blocks-advanced-column\">\n<div class=\"wp-block-cover\"><span aria-hidden=\"true\" class=\"wp-block-cover__background has-background-dim\"><\/span><img loading=\"lazy\" decoding=\"async\" width=\"964\" height=\"1144\" class=\"wp-block-cover__image-background wp-image-124\" alt=\"\" src=\"https:\/\/ecinstitut.cz\/wp-content\/uploads\/2023\/08\/zipy.png\" data-object-fit=\"cover\" srcset=\"https:\/\/ecinstitut.cz\/wp-content\/uploads\/2023\/08\/zipy.png 964w, https:\/\/ecinstitut.cz\/wp-content\/uploads\/2023\/08\/zipy-253x300.png 253w, https:\/\/ecinstitut.cz\/wp-content\/uploads\/2023\/08\/zipy-863x1024.png 863w, https:\/\/ecinstitut.cz\/wp-content\/uploads\/2023\/08\/zipy-768x911.png 768w\" sizes=\"auto, (max-width: 964px) 100vw, 964px\" \/><div class=\"wp-block-cover__inner-container is-layout-flow wp-block-cover-is-layout-flow\">\n<h2 class=\"wp-block-heading has-text-align-center has-white-color has-text-color\" id=\"people\">Zippy's Friends<\/h2>\n\n\n\n<div class=\"wp-block-buttons is-content-justification-center is-layout-flex wp-container-core-buttons-is-layout-a89b3969 wp-block-buttons-is-layout-flex\">\n<div class=\"wp-block-button is-style-primary\"><a class=\"wp-block-button__link wp-element-button\">Learn more<\/a><\/div>\n<\/div>\n<\/div><\/div>\n<\/div>\n\n\n\n<div id=\"wp-block-themeisle-blocks-advanced-column-eefb8312\" class=\"wp-block-themeisle-blocks-advanced-column\">\n<div class=\"wp-block-cover is-light\"><span aria-hidden=\"true\" class=\"wp-block-cover__background has-background-dim\"><\/span><img loading=\"lazy\" decoding=\"async\" width=\"2560\" height=\"1706\" class=\"wp-block-cover__image-background wp-image-123\" alt=\"\" src=\"https:\/\/ecinstitut.cz\/wp-content\/uploads\/2023\/08\/PPP-scaled.jpg\" style=\"object-position:52% 54%\" data-object-fit=\"cover\" data-object-position=\"52% 54%\" srcset=\"https:\/\/ecinstitut.cz\/wp-content\/uploads\/2023\/08\/PPP-scaled.jpg 2560w, https:\/\/ecinstitut.cz\/wp-content\/uploads\/2023\/08\/PPP-300x200.jpg 300w, https:\/\/ecinstitut.cz\/wp-content\/uploads\/2023\/08\/PPP-1024x683.jpg 1024w, https:\/\/ecinstitut.cz\/wp-content\/uploads\/2023\/08\/PPP-768x512.jpg 768w, https:\/\/ecinstitut.cz\/wp-content\/uploads\/2023\/08\/PPP-1536x1024.jpg 1536w, https:\/\/ecinstitut.cz\/wp-content\/uploads\/2023\/08\/PPP-2048x1365.jpg 2048w\" sizes=\"auto, (max-width: 2560px) 100vw, 2560px\" \/><div class=\"wp-block-cover__inner-container is-layout-flow wp-block-cover-is-layout-flow\">\n<h2 class=\"wp-block-heading has-text-align-center has-white-color has-text-color\" id=\"buildings\">Eating disorders<\/h2>\n\n\n\n<div class=\"wp-block-buttons is-content-justification-center is-layout-flex wp-container-core-buttons-is-layout-a89b3969 wp-block-buttons-is-layout-flex\">\n<div class=\"wp-block-button is-style-primary\"><a class=\"wp-block-button__link wp-element-button\">Learn more<\/a><\/div>\n<\/div>\n<\/div><\/div>\n<\/div>\n\n\n\n<div id=\"wp-block-themeisle-blocks-advanced-column-9136d16a\" class=\"wp-block-themeisle-blocks-advanced-column\">\n<div class=\"wp-block-cover is-light\"><span aria-hidden=\"true\" class=\"wp-block-cover__background has-background-dim\"><\/span><img loading=\"lazy\" decoding=\"async\" width=\"640\" height=\"396\" class=\"wp-block-cover__image-background wp-image-14\" alt=\"\" src=\"http:\/\/ecinstitut.cz\/wp-content\/uploads\/2023\/08\/nepozorni.jpg\" style=\"object-position:19% 52%\" data-object-fit=\"cover\" data-object-position=\"19% 52%\" srcset=\"https:\/\/ecinstitut.cz\/wp-content\/uploads\/2023\/08\/nepozorni.jpg 640w, https:\/\/ecinstitut.cz\/wp-content\/uploads\/2023\/08\/nepozorni-300x186.jpg 300w\" sizes=\"auto, (max-width: 640px) 100vw, 640px\" \/><div class=\"wp-block-cover__inner-container is-layout-flow wp-block-cover-is-layout-flow\">\n<h2 class=\"wp-block-heading has-text-align-center has-white-color has-text-color\" id=\"nature\">Adult ADHD<\/h2>\n\n\n\n<div class=\"wp-block-buttons is-content-justification-center is-layout-flex wp-container-core-buttons-is-layout-a89b3969 wp-block-buttons-is-layout-flex\">\n<div class=\"wp-block-button is-style-primary\"><a class=\"wp-block-button__link wp-element-button\">Learn more<\/a><\/div>\n<\/div>\n<\/div><\/div>\n<\/div>\n\n\n\n<div id=\"wp-block-themeisle-blocks-advanced-column-c2ba51c6\" class=\"wp-block-themeisle-blocks-advanced-column\">\n<div class=\"wp-block-cover is-light\"><span aria-hidden=\"true\" class=\"wp-block-cover__background has-background-dim\"><\/span><img loading=\"lazy\" decoding=\"async\" width=\"1798\" height=\"1200\" class=\"wp-block-cover__image-background wp-image-75\" alt=\"\" src=\"https:\/\/ecinstitut.cz\/wp-content\/uploads\/2023\/08\/childtalks.jpg\" style=\"object-position:63% 51%\" data-object-fit=\"cover\" data-object-position=\"63% 51%\" srcset=\"https:\/\/ecinstitut.cz\/wp-content\/uploads\/2023\/08\/childtalks.jpg 1798w, https:\/\/ecinstitut.cz\/wp-content\/uploads\/2023\/08\/childtalks-300x200.jpg 300w, https:\/\/ecinstitut.cz\/wp-content\/uploads\/2023\/08\/childtalks-1024x683.jpg 1024w, https:\/\/ecinstitut.cz\/wp-content\/uploads\/2023\/08\/childtalks-768x513.jpg 768w, https:\/\/ecinstitut.cz\/wp-content\/uploads\/2023\/08\/childtalks-1536x1025.jpg 1536w\" sizes=\"auto, (max-width: 1798px) 100vw, 1798px\" \/><div class=\"wp-block-cover__inner-container is-layout-flow wp-block-cover-is-layout-flow\">\n<h2 class=\"wp-block-heading has-text-align-center has-raft-fg-alt-color has-text-color\">ChildTalks+<\/h2>\n\n\n\n<div class=\"wp-block-buttons is-content-justification-center is-layout-flex wp-container-core-buttons-is-layout-a89b3969 wp-block-buttons-is-layout-flex\">\n<div class=\"wp-block-button\"><a class=\"wp-block-button__link has-text-align-center wp-element-button\">Learn more<\/a><\/div>\n<\/div>\n<\/div><\/div>\n<\/div>\n<\/div><\/div>\n\n\n\n<div id=\"wp-block-themeisle-blocks-advanced-columns-e27cf5b2\" class=\"wp-block-themeisle-blocks-advanced-columns has-1-columns has-desktop-equal-layout has-tablet-equal-layout has-mobile-equal-layout has-vertical-unset\"><div class=\"wp-block-themeisle-blocks-advanced-columns-overlay\"><\/div><div class=\"innerblocks-wrap\">\n<div id=\"wp-block-themeisle-blocks-advanced-column-ada47780\" class=\"wp-block-themeisle-blocks-advanced-column\">\n<h2 id=\"wp-block-themeisle-blocks-advanced-heading-39bbb392\" class=\"wp-block-themeisle-blocks-advanced-heading wp-block-themeisle-blocks-advanced-heading-39bbb392\">D\u011bkujeme za podporu<\/h2>\n\n\n\n<figure class=\"wp-block-image aligncenter size-full is-resized\"><a href=\"https:\/\/www.rsj.com\/\"><img loading=\"lazy\" decoding=\"async\" src=\"https:\/\/ecinstitut.cz\/wp-content\/uploads\/2023\/08\/rsj-logo.svg\" alt=\"\" class=\"wp-image-145\" style=\"width:128px;height:128px\" width=\"128\" height=\"128\"\/><\/a><\/figure>\n<\/div>\n<\/div><\/div>\n\n\n\n<div class=\"wp-block-group alignfull has-background is-layout-constrained wp-block-group-is-layout-constrained\" style=\"background-color:#0030a6\">\n<p class=\"has-text-align-center has-raft-fg-alt-color has-text-color has-x-large-font-size\"><strong>Contact Us!<\/strong><\/p>\n\n\n\n<div class=\"wp-block-buttons is-content-justification-center is-layout-flex wp-container-core-buttons-is-layout-a89b3969 wp-block-buttons-is-layout-flex\">\n<div class=\"wp-block-button is-style-outline is-style-outline--1\"><a class=\"wp-block-button__link has-raft-fg-alt-color has-text-color has-text-align-center wp-element-button\" style=\"border-radius:4px\">Contact<\/a><\/div>\n<\/div>\n<\/div>","protected":false},"excerpt":{"rendered":"<p>E-clinic je neziskov\u00e1 organizace s v\u00edce ne\u017e 20letou zku\u0161enost\u00ed s prevenc\u00ed a l\u00e9\u010dbou poruch p\u0159\u00edjmu potravy. Na\u0161\u00edm c\u00edlem je poskytovat jednodu\u0161e dostupn\u00e9 slu\u017eby, kter\u00e9 zde doposud chyb\u011bly, ale mohly pomoct detekovat psychick\u00e9 onemocn\u011bn\u00ed v ran\u00e9 f\u00e1zi, \u0161\u00ed\u0159it pov\u011bdom\u00ed o du\u0161evn\u00edm zdrav\u00ed a p\u0159isp\u00edvat k jeho destigmatizaci a l\u00e9\u010db\u011b. Nav\u0161tivte dal\u0161\u00ed projekty, na kter\u00fdch se pod\u00edl\u00edme. [&hellip;]<\/p>","protected":false},"author":1,"featured_media":0,"parent":0,"menu_order":0,"comment_status":"closed","ping_status":"closed","template":"","meta":{"_monsterinsights_skip_tracking":false,"_monsterinsights_sitenote_active":false,"_monsterinsights_sitenote_note":"","_monsterinsights_sitenote_category":0,"_themeisle_gutenberg_block_has_review":false,"footnotes":""},"class_list":["post-65","page","type-page","status-publish","hentry"],"aioseo_notices":[],"_links":{"self":[{"href":"https:\/\/ecinstitut.cz\/en\/wp-json\/wp\/v2\/pages\/65","targetHints":{"allow":["GET"]}}],"collection":[{"href":"https:\/\/ecinstitut.cz\/en\/wp-json\/wp\/v2\/pages"}],"about":[{"href":"https:\/\/ecinstitut.cz\/en\/wp-json\/wp\/v2\/types\/page"}],"author":[{"embeddable":true,"href":"https:\/\/ecinstitut.cz\/en\/wp-json\/wp\/v2\/users\/1"}],"replies":[{"embeddable":true,"href":"https:\/\/ecinstitut.cz\/en\/wp-json\/wp\/v2\/comments?post=65"}],"version-history":[{"count":11,"href":"https:\/\/ecinstitut.cz\/en\/wp-json\/wp\/v2\/pages\/65\/revisions"}],"predecessor-version":[{"id":304,"href":"https:\/\/ecinstitut.cz\/en\/wp-json\/wp\/v2\/pages\/65\/revisions\/304"}],"wp:attachment":[{"href":"https:\/\/ecinstitut.cz\/en\/wp-json\/wp\/v2\/media?parent=65"}],"curies":[{"name":"wp","href":"https:\/\/api.w.org\/{rel}","templated":true}]}}